{"id":171,"date":"2024-06-11T14:29:57","date_gmt":"2024-06-11T14:29:57","guid":{"rendered":"https:\/\/refugee-committee.org\/?page_id=171"},"modified":"2024-12-10T15:23:38","modified_gmt":"2024-12-10T15:23:38","slug":"afghan-refugee-committee","status":"publish","type":"page","link":"https:\/\/refugee-committee.org\/fr\/afghan-refugee-committee\/","title":{"rendered":"Afghan Refugee Committee"},"content":{"rendered":"<div class=\"wp-block-columns is-layout-flex wp-container-core-columns-is-layout-28f84493 wp-block-columns-is-layout-flex\">\n<div class=\"wp-block-column is-layout-flow wp-block-column-is-layout-flow\">\n<p class=\"has-medium-font-size\"><\/p>\n\n\n\n<p class=\"has-medium-font-size\">Le Afghan Refugee Committee (ARC) est une organisation ind\u00e9pendante dirig\u00e9e par des r\u00e9fugi\u00e9s \u00e0 Bruxelles. <\/p>\n\n\n\n<p class=\"has-medium-font-size translation-block\">Sous le slogan \u201cnous sommes ici pour vous aider\u201d, nous sommes un symbole d'espoir et de solidarit\u00e9 pour les <strong>migrants afghans d\u00e9plac\u00e9s de force<\/strong> vivant en Belgique.<\/p>\n\n\n\n<p style=\"font-size:18px\"><\/p>\n\n\n\n<p><\/p>\n\n\n\n<p style=\"font-size:18px\"><\/p>\n<\/div>\n\n\n\n<div class=\"wp-block-column is-layout-flow wp-block-column-is-layout-flow\"><div class=\"wp-block-image\">\n<figure class=\"aligncenter size-full is-resized\"><img fetchpriority=\"high\" decoding=\"async\" width=\"868\" height=\"643\" src=\"https:\/\/refugee-committee.org\/wp-content\/uploads\/2024\/06\/image-21.png\" alt=\"\" class=\"wp-image-466\" style=\"width:429px;height:auto\" srcset=\"https:\/\/refugee-committee.org\/wp-content\/uploads\/2024\/06\/image-21.png 868w, https:\/\/refugee-committee.org\/wp-content\/uploads\/2024\/06\/image-21-300x222.png 300w, https:\/\/refugee-committee.org\/wp-content\/uploads\/2024\/06\/image-21-768x569.png 768w\" sizes=\"(max-width: 868px) 100vw, 868px\" \/><figcaption class=\"wp-element-caption\"><strong>Afghan Refugee Committee&#8217;s Logo<\/strong><\/figcaption><\/figure>\n<\/div><\/div>\n<\/div>\n\n\n\n<div style=\"height:100px\" aria-hidden=\"true\" class=\"wp-block-spacer\"><\/div>\n\n\n\n<div class=\"wp-block-cover alignfull is-light has-parallax\" style=\"margin-top:0;margin-bottom:0;padding-top:24px;padding-right:24px;padding-bottom:24px;padding-left:24px;min-height:303px;aspect-ratio:unset;\"><span aria-hidden=\"true\" class=\"wp-block-cover__background has-white-background-color has-background-dim-80 has-background-dim\"><\/span><div class=\"wp-block-cover__image-background wp-image-352 has-parallax\" style=\"background-position:50% 50%;background-image:url(https:\/\/refugee-committee.org\/wp-content\/uploads\/2024\/06\/Ahmad-Wali-Najeem-and-Lailouma-Concerts-BRW-e1721399769230.jpg)\"><\/div><div class=\"wp-block-cover__inner-container is-layout-flow wp-block-cover-is-layout-flow\">\n<p class=\"has-text-align-center has-black-color has-text-color has-link-color has-large-font-size wp-elements-fe7baf95926d3f4400ca0fa5537d42ba\" style=\"font-style:normal;font-weight:700\">MISSIONS ET ACTIONS<\/p>\n\n\n\n<p class=\"has-medium-font-size\"><\/p>\n<\/div><\/div>\n\n\n\n<div style=\"height:52px\" aria-hidden=\"true\" class=\"wp-block-spacer\"><\/div>\n\n\n\n<div class=\"wp-block-uagb-container uagb-block-7c465de1 alignwide uagb-is-root-container\">\n<div class=\"wp-block-columns is-layout-flex wp-container-core-columns-is-layout-28f84493 wp-block-columns-is-layout-flex\">\n<div class=\"wp-block-column is-layout-flow wp-block-column-is-layout-flow\">\n<div class=\"wp-block-columns is-layout-flex wp-container-core-columns-is-layout-28f84493 wp-block-columns-is-layout-flex\">\n<div class=\"wp-block-column is-layout-flow wp-block-column-is-layout-flow\">\n<p class=\"has-text-align-center has-black-color has-text-color has-background has-link-color wp-elements-4c8d89e3153d25a884910f698309a368\" style=\"background-color:#5b60dd\"><strong>Participation significative.<\/strong> <br>dans la prise de d\u00e9cision<\/p>\n<\/div>\n\n\n\n<div class=\"wp-block-column is-layout-flow wp-block-column-is-layout-flow\">\n<p class=\"has-text-align-center has-black-color has-text-color has-background has-link-color wp-elements-fdd86b49de1f6d303a38f564f0bdc82e translation-block\" style=\"background-color:#5b60dd\"><strong>Coh\u00e9sion <br> sociale<\/strong><\/p>\n<\/div>\n<\/div>\n<\/div>\n\n\n\n<div class=\"wp-block-column is-layout-flow wp-block-column-is-layout-flow\">\n<div class=\"wp-block-columns is-layout-flex wp-container-core-columns-is-layout-28f84493 wp-block-columns-is-layout-flex\">\n<div class=\"wp-block-column is-layout-flow wp-block-column-is-layout-flow\">\n<p class=\"has-text-align-center has-black-color has-text-color has-background has-link-color wp-elements-09035ddc75ae3af097ee6ac3a10891e1 translation-block\" style=\"background-color:#5b60dd\"><strong>Patrimoine culturel<\/strong><br><strong>pr\u00e9servation <\/strong><\/p>\n<\/div>\n\n\n\n<div class=\"wp-block-column is-layout-flow wp-block-column-is-layout-flow\">\n<p class=\"has-text-align-center has-black-color has-text-color has-background has-link-color wp-elements-909303045936335f113d88ea57b6d88f translation-block\" style=\"background-color:#5b60dd\"><strong>\u00c9v\u00e9nements et manifestations <\/strong><br>organisation<\/p>\n<\/div>\n<\/div>\n<\/div>\n<\/div>\n<\/div>\n\n\n\n<p class=\"has-black-color has-text-color has-link-color wp-elements-526e3ac617d25542cebae7de3e918941 translation-block\">L'un des piliers de l'approche de l'ARC est l'accent mis sur la <strong>participation significative des r\u00e9fugi\u00e9s dans les processus de prise de d\u00e9cision<\/strong>. En reconnaissant que ceux directement affect\u00e9s par les politiques et les programmes sont souvent les mieux plac\u00e9s pour offrir des \u00e9clairages et des solutions, l'ARC s'efforce d'amplifier la voix des r\u00e9fugi\u00e9s afghans.<\/p>\n\n\n\n<p><\/p>\n\n\n\n<p class=\"has-black-color has-text-color has-link-color wp-elements-e6e4a0a244ef135d04fc5eb6f16fd7a5 translation-block\">De plus, l'ARC reconna\u00eet l'importance de <strong>pr\u00e9server le riche patrimoine culturel <\/strong>des migrants afghans, m\u00eame face au d\u00e9placement. \u00c0 cette fin, l'ARC organise une myriade d'<strong>\u00e9v\u00e9nements sociaux et culturels <\/strong>qui c\u00e9l\u00e8brent les traditions afghanes, favorisant un sentiment d'appartenance et de connexion entre les r\u00e9fugi\u00e9s et la communaut\u00e9 au sens large. Cette volont\u00e9 se manifeste \u00e9galement \u00e0 travers nos \u00e9v\u00e9nements et notre <strong>participation et organisation de manifestations<\/strong> pour revendiquer et soutenir les droits de notre communaut\u00e9.<\/p>\n\n\n\n<p><\/p>\n\n\n\n<p class=\"has-black-color has-text-color has-link-color wp-elements-dadd4b2ba95ee0c949964ce679e2ef2d translation-block\">En somme, le Comit\u00e9 des R\u00e9fugi\u00e9s Afghans (ARC) incarne l'esprit de <strong>solidarit\u00e9<\/strong> et d'<strong>autonomisation<\/strong>, agissant comme un catalyseur de <strong>changement positif<\/strong> dans la vie des r\u00e9fugi\u00e9s afghans en Belgique. Gr\u00e2ce \u00e0 son engagement ind\u00e9fectible en faveur de la <strong>coh\u00e9sion sociale<\/strong>, de la <strong>participation significative<\/strong> et de la <strong>pr\u00e9servation culturelle<\/strong>, l'ARC ouvre la voie vers un avenir plus radieux et plus inclusif, o\u00f9 chaque r\u00e9fugi\u00e9 se voit offrir la possibilit\u00e9 de s'\u00e9panouir et de contribuer \u00e0 son nouveau foyer.<\/p>\n\n\n\n<div style=\"height:82px\" aria-hidden=\"true\" class=\"wp-block-spacer\"><\/div>\n\n\n\n<div class=\"wp-block-cover alignfull is-light\" style=\"margin-top:0;margin-bottom:0;padding-top:24px;padding-right:24px;padding-bottom:24px;padding-left:24px;min-height:322px;aspect-ratio:unset;\"><span aria-hidden=\"true\" class=\"wp-block-cover__background has-background-dim\" style=\"background-color:#c8caff\"><\/span><img decoding=\"async\" width=\"1168\" height=\"218\" class=\"wp-block-cover__image-background wp-image-476\" alt=\"\" src=\"https:\/\/refugee-committee.org\/wp-content\/uploads\/2024\/06\/ARC-Inaguration-Event-3-e1721400088998.png\" style=\"object-position:38% 43%\" data-object-fit=\"cover\" data-object-position=\"38% 43%\" srcset=\"https:\/\/refugee-committee.org\/wp-content\/uploads\/2024\/06\/ARC-Inaguration-Event-3-e1721400088998.png 1168w, https:\/\/refugee-committee.org\/wp-content\/uploads\/2024\/06\/ARC-Inaguration-Event-3-e1721400088998-300x56.png 300w, https:\/\/refugee-committee.org\/wp-content\/uploads\/2024\/06\/ARC-Inaguration-Event-3-e1721400088998-1024x191.png 1024w, https:\/\/refugee-committee.org\/wp-content\/uploads\/2024\/06\/ARC-Inaguration-Event-3-e1721400088998-768x143.png 768w\" sizes=\"(max-width: 1168px) 100vw, 1168px\" \/><div class=\"wp-block-cover__inner-container is-layout-flow wp-block-cover-is-layout-flow\">\n<p class=\"has-text-align-center has-large-font-size translation-block\" style=\"font-style:normal;font-weight:700\">Vous voulez rester inform\u00e9 ? <br>Suivez-nous !<\/p>\n\n\n\n<ul class=\"wp-block-social-links aligncenter has-huge-icon-size has-icon-color is-style-logos-only is-horizontal is-layout-flex wp-block-social-links-is-layout-flex\"><li style=\"color:#000000;\" class=\"wp-social-link wp-social-link-facebook has-black-color wp-block-social-link\"><a rel=\"noopener nofollow\" target=\"_blank\" href=\"https:\/\/www.facebook.com\/p\/Afghan-Refugee-Committee-in-Belgium-100066783366422\/\" class=\"wp-block-social-link-anchor\"><svg width=\"24\" height=\"24\" viewbox=\"0 0 24 24\" version=\"1.1\" xmlns=\"http:\/\/www.w3.org\/2000\/svg\" aria-hidden=\"true\" focusable=\"false\"><path d=\"M12 2C6.5 2 2 6.5 2 12c0 5 3.7 9.1 8.4 9.9v-7H7.9V12h2.5V9.8c0-2.5 1.5-3.9 3.8-3.9 1.1 0 2.2.2 2.2.2v2.5h-1.3c-1.2 0-1.6.8-1.6 1.6V12h2.8l-.4 2.9h-2.3v7C18.3 21.1 22 17 22 12c0-5.5-4.5-10-10-10z\"><\/path><\/svg><span class=\"wp-block-social-link-label screen-reader-text\">Facebook<\/span><\/a><\/li><\/ul>\n<\/div><\/div>\n\n\n\n<div style=\"height:82px\" aria-hidden=\"true\" class=\"wp-block-spacer\"><\/div>\n\n\n\n<p class=\"has-text-align-center has-medium-font-size\">Pr\u00e9sident: <strong>Najeem Zarabi<\/strong><\/p>\n\n\n\n<div style=\"height:82px\" aria-hidden=\"true\" class=\"wp-block-spacer\"><\/div>","protected":false},"excerpt":{"rendered":"<p>The Afghan Refugee Committee (ARC) is an independent refugee-led organisation in Brussels. Under the slogan &#8220;we are here to help you&#8221;, we stand as a symbol of hope and solidarity for the Afghan forcibly displaced migrants living in Belgium. Meaningful participation in decision-making Social cohesion Cultural heritagepreservation Events and protests [&hellip;]<\/p>","protected":false},"author":2,"featured_media":478,"parent":0,"menu_order":0,"comment_status":"closed","ping_status":"closed","template":"","meta":{"_uag_custom_page_level_css":"","footnotes":""},"class_list":["post-171","page","type-page","status-publish","has-post-thumbnail","hentry"],"yoast_head":"<!-- This site is optimized with the Yoast SEO plugin v26.9 - https:\/\/yoast.com\/product\/yoast-seo-wordpress\/ -->\n<title>Afghan Refugee Committee - Umbrella Refugee Committee<\/title>\n<meta name=\"robots\" content=\"index, follow, max-snippet:-1, max-image-preview:large, max-video-preview:-1\" \/>\n<link rel=\"canonical\" href=\"https:\/\/refugee-committee.org\/fr\/afghan-refugee-committee\/\" \/>\n<meta property=\"og:locale\" content=\"fr_FR\" \/>\n<meta property=\"og:type\" content=\"article\" \/>\n<meta property=\"og:title\" content=\"Afghan Refugee Committee - Umbrella Refugee Committee\" \/>\n<meta property=\"og:description\" content=\"The Afghan Refugee Committee (ARC) is an independent refugee-led organisation in Brussels. Under the slogan &#8220;we are here to help you&#8221;, we stand as a symbol of hope and solidarity for the Afghan forcibly displaced migrants living in Belgium. Meaningful participation in decision-making Social cohesion Cultural heritagepreservation Events and protests [&hellip;]\" \/>\n<meta property=\"og:url\" content=\"https:\/\/refugee-committee.org\/fr\/afghan-refugee-committee\/\" \/>\n<meta property=\"og:site_name\" content=\"Umbrella Refugee Committee\" \/>\n<meta property=\"article:modified_time\" content=\"2024-12-10T15:23:38+00:00\" \/>\n<meta property=\"og:image\" content=\"https:\/\/refugee-committee.org\/wp-content\/uploads\/2024\/06\/ARC-inaguration-event-2-1-e1721221815623.png\" \/>\n\t<meta property=\"og:image:width\" content=\"1316\" \/>\n\t<meta property=\"og:image:height\" content=\"339\" \/>\n\t<meta property=\"og:image:type\" content=\"image\/png\" \/>\n<meta name=\"twitter:card\" content=\"summary_large_image\" \/>\n<meta name=\"twitter:label1\" content=\"Dur\u00e9e de lecture est.\" \/>\n\t<meta name=\"twitter:data1\" content=\"2 minutes\" \/>\n<script type=\"application\/ld+json\" class=\"yoast-schema-graph\">{\"@context\":\"https:\/\/schema.org\",\"@graph\":[{\"@type\":\"WebPage\",\"@id\":\"https:\/\/refugee-committee.org\/afghan-refugee-committee\/\",\"url\":\"https:\/\/refugee-committee.org\/afghan-refugee-committee\/\",\"name\":\"Afghan Refugee Committee - Umbrella Refugee Committee\",\"isPartOf\":{\"@id\":\"https:\/\/refugee-committee.org\/#website\"},\"primaryImageOfPage\":{\"@id\":\"https:\/\/refugee-committee.org\/afghan-refugee-committee\/#primaryimage\"},\"image\":{\"@id\":\"https:\/\/refugee-committee.org\/afghan-refugee-committee\/#primaryimage\"},\"thumbnailUrl\":\"https:\/\/refugee-committee.org\/wp-content\/uploads\/2024\/06\/ARC-inaguration-event-2-1-e1721221815623.png\",\"datePublished\":\"2024-06-11T14:29:57+00:00\",\"dateModified\":\"2024-12-10T15:23:38+00:00\",\"breadcrumb\":{\"@id\":\"https:\/\/refugee-committee.org\/afghan-refugee-committee\/#breadcrumb\"},\"inLanguage\":\"fr-BE\",\"potentialAction\":[{\"@type\":\"ReadAction\",\"target\":[\"https:\/\/refugee-committee.org\/afghan-refugee-committee\/\"]}]},{\"@type\":\"ImageObject\",\"inLanguage\":\"fr-BE\",\"@id\":\"https:\/\/refugee-committee.org\/afghan-refugee-committee\/#primaryimage\",\"url\":\"https:\/\/refugee-committee.org\/wp-content\/uploads\/2024\/06\/ARC-inaguration-event-2-1-e1721221815623.png\",\"contentUrl\":\"https:\/\/refugee-committee.org\/wp-content\/uploads\/2024\/06\/ARC-inaguration-event-2-1-e1721221815623.png\",\"width\":1316,\"height\":339},{\"@type\":\"BreadcrumbList\",\"@id\":\"https:\/\/refugee-committee.org\/afghan-refugee-committee\/#breadcrumb\",\"itemListElement\":[{\"@type\":\"ListItem\",\"position\":1,\"name\":\"Home\",\"item\":\"https:\/\/refugee-committee.org\/\"},{\"@type\":\"ListItem\",\"position\":2,\"name\":\"Afghan Refugee Committee\"}]},{\"@type\":\"WebSite\",\"@id\":\"https:\/\/refugee-committee.org\/#website\",\"url\":\"https:\/\/refugee-committee.org\/\",\"name\":\"Umbrella Refugee Committee\",\"description\":\"\",\"publisher\":{\"@id\":\"https:\/\/refugee-committee.org\/#organization\"},\"potentialAction\":[{\"@type\":\"SearchAction\",\"target\":{\"@type\":\"EntryPoint\",\"urlTemplate\":\"https:\/\/refugee-committee.org\/?s={search_term_string}\"},\"query-input\":{\"@type\":\"PropertyValueSpecification\",\"valueRequired\":true,\"valueName\":\"search_term_string\"}}],\"inLanguage\":\"fr-BE\"},{\"@type\":\"Organization\",\"@id\":\"https:\/\/refugee-committee.org\/#organization\",\"name\":\"Umbrella Refugee Committee\",\"url\":\"https:\/\/refugee-committee.org\/\",\"logo\":{\"@type\":\"ImageObject\",\"inLanguage\":\"fr-BE\",\"@id\":\"https:\/\/refugee-committee.org\/#\/schema\/logo\/image\/\",\"url\":\"https:\/\/refugee-committee.org\/wp-content\/uploads\/2024\/12\/cropped-Horizontal-color-logo-1.png\",\"contentUrl\":\"https:\/\/refugee-committee.org\/wp-content\/uploads\/2024\/12\/cropped-Horizontal-color-logo-1.png\",\"width\":2000,\"height\":665,\"caption\":\"Umbrella Refugee Committee\"},\"image\":{\"@id\":\"https:\/\/refugee-committee.org\/#\/schema\/logo\/image\/\"}}]}<\/script>\n<!-- \/ Yoast SEO plugin. -->","yoast_head_json":{"title":"Afghan Refugee Committee - Umbrella Refugee Committee","robots":{"index":"index","follow":"follow","max-snippet":"max-snippet:-1","max-image-preview":"max-image-preview:large","max-video-preview":"max-video-preview:-1"},"canonical":"https:\/\/refugee-committee.org\/fr\/afghan-refugee-committee\/","og_locale":"fr_FR","og_type":"article","og_title":"Afghan Refugee Committee - Umbrella Refugee Committee","og_description":"The Afghan Refugee Committee (ARC) is an independent refugee-led organisation in Brussels. Under the slogan &#8220;we are here to help you&#8221;, we stand as a symbol of hope and solidarity for the Afghan forcibly displaced migrants living in Belgium. Meaningful participation in decision-making Social cohesion Cultural heritagepreservation Events and protests [&hellip;]","og_url":"https:\/\/refugee-committee.org\/fr\/afghan-refugee-committee\/","og_site_name":"Umbrella Refugee Committee","article_modified_time":"2024-12-10T15:23:38+00:00","og_image":[{"width":1316,"height":339,"url":"https:\/\/refugee-committee.org\/wp-content\/uploads\/2024\/06\/ARC-inaguration-event-2-1-e1721221815623.png","type":"image\/png"}],"twitter_card":"summary_large_image","twitter_misc":{"Dur\u00e9e de lecture est.":"2 minutes"},"schema":{"@context":"https:\/\/schema.org","@graph":[{"@type":"WebPage","@id":"https:\/\/refugee-committee.org\/afghan-refugee-committee\/","url":"https:\/\/refugee-committee.org\/afghan-refugee-committee\/","name":"Afghan Refugee Committee - Umbrella Refugee Committee","isPartOf":{"@id":"https:\/\/refugee-committee.org\/#website"},"primaryImageOfPage":{"@id":"https:\/\/refugee-committee.org\/afghan-refugee-committee\/#primaryimage"},"image":{"@id":"https:\/\/refugee-committee.org\/afghan-refugee-committee\/#primaryimage"},"thumbnailUrl":"https:\/\/refugee-committee.org\/wp-content\/uploads\/2024\/06\/ARC-inaguration-event-2-1-e1721221815623.png","datePublished":"2024-06-11T14:29:57+00:00","dateModified":"2024-12-10T15:23:38+00:00","breadcrumb":{"@id":"https:\/\/refugee-committee.org\/afghan-refugee-committee\/#breadcrumb"},"inLanguage":"fr-BE","potentialAction":[{"@type":"ReadAction","target":["https:\/\/refugee-committee.org\/afghan-refugee-committee\/"]}]},{"@type":"ImageObject","inLanguage":"fr-BE","@id":"https:\/\/refugee-committee.org\/afghan-refugee-committee\/#primaryimage","url":"https:\/\/refugee-committee.org\/wp-content\/uploads\/2024\/06\/ARC-inaguration-event-2-1-e1721221815623.png","contentUrl":"https:\/\/refugee-committee.org\/wp-content\/uploads\/2024\/06\/ARC-inaguration-event-2-1-e1721221815623.png","width":1316,"height":339},{"@type":"BreadcrumbList","@id":"https:\/\/refugee-committee.org\/afghan-refugee-committee\/#breadcrumb","itemListElement":[{"@type":"ListItem","position":1,"name":"Home","item":"https:\/\/refugee-committee.org\/"},{"@type":"ListItem","position":2,"name":"Afghan Refugee Committee"}]},{"@type":"WebSite","@id":"https:\/\/refugee-committee.org\/#website","url":"https:\/\/refugee-committee.org\/","name":"Umbrella Refugee Committee","description":"","publisher":{"@id":"https:\/\/refugee-committee.org\/#organization"},"potentialAction":[{"@type":"SearchAction","target":{"@type":"EntryPoint","urlTemplate":"https:\/\/refugee-committee.org\/?s={search_term_string}"},"query-input":{"@type":"PropertyValueSpecification","valueRequired":true,"valueName":"search_term_string"}}],"inLanguage":"fr-BE"},{"@type":"Organization","@id":"https:\/\/refugee-committee.org\/#organization","name":"Umbrella Refugee Committee","url":"https:\/\/refugee-committee.org\/","logo":{"@type":"ImageObject","inLanguage":"fr-BE","@id":"https:\/\/refugee-committee.org\/#\/schema\/logo\/image\/","url":"https:\/\/refugee-committee.org\/wp-content\/uploads\/2024\/12\/cropped-Horizontal-color-logo-1.png","contentUrl":"https:\/\/refugee-committee.org\/wp-content\/uploads\/2024\/12\/cropped-Horizontal-color-logo-1.png","width":2000,"height":665,"caption":"Umbrella Refugee Committee"},"image":{"@id":"https:\/\/refugee-committee.org\/#\/schema\/logo\/image\/"}}]}},"uagb_featured_image_src":{"full":["https:\/\/refugee-committee.org\/wp-content\/uploads\/2024\/06\/ARC-inaguration-event-2-1-e1721221815623.png",1316,339,false],"thumbnail":["https:\/\/refugee-committee.org\/wp-content\/uploads\/2024\/06\/ARC-inaguration-event-2-1-e1721221815623-150x150.png",150,150,true],"medium":["https:\/\/refugee-committee.org\/wp-content\/uploads\/2024\/06\/ARC-inaguration-event-2-1-e1721221815623-300x77.png",300,77,true],"medium_large":["https:\/\/refugee-committee.org\/wp-content\/uploads\/2024\/06\/ARC-inaguration-event-2-1-e1721221815623-768x198.png",750,193,true],"large":["https:\/\/refugee-committee.org\/wp-content\/uploads\/2024\/06\/ARC-inaguration-event-2-1-e1721221815623-1024x264.png",750,193,true],"1536x1536":["https:\/\/refugee-committee.org\/wp-content\/uploads\/2024\/06\/ARC-inaguration-event-2-1-e1721221815623.png",1316,339,false],"2048x2048":["https:\/\/refugee-committee.org\/wp-content\/uploads\/2024\/06\/ARC-inaguration-event-2-1-e1721221815623.png",1316,339,false],"trp-custom-language-flag":["https:\/\/refugee-committee.org\/wp-content\/uploads\/2024\/06\/ARC-inaguration-event-2-1-e1721221815623.png",18,5,false],"hestia-blog":["https:\/\/refugee-committee.org\/wp-content\/uploads\/2024\/06\/ARC-inaguration-event-2-1-e1721221815623-360x240.png",360,240,true]},"uagb_author_info":{"display_name":"URC","author_link":"https:\/\/refugee-committee.org\/fr\/author\/urc\/"},"uagb_comment_info":0,"uagb_excerpt":"The Afghan Refugee Committee (ARC) is an independent refugee-led organisation in Brussels. Under the slogan &#8220;we are here to help you&#8221;, we stand as a symbol of hope and solidarity for the Afghan forcibly displaced migrants living in Belgium. Meaningful participation in decision-making Social cohesion Cultural heritagepreservation Events and protests [&hellip;]","_links":{"self":[{"href":"https:\/\/refugee-committee.org\/fr\/wp-json\/wp\/v2\/pages\/171","targetHints":{"allow":["GET"]}}],"collection":[{"href":"https:\/\/refugee-committee.org\/fr\/wp-json\/wp\/v2\/pages"}],"about":[{"href":"https:\/\/refugee-committee.org\/fr\/wp-json\/wp\/v2\/types\/page"}],"author":[{"embeddable":true,"href":"https:\/\/refugee-committee.org\/fr\/wp-json\/wp\/v2\/users\/2"}],"replies":[{"embeddable":true,"href":"https:\/\/refugee-committee.org\/fr\/wp-json\/wp\/v2\/comments?post=171"}],"version-history":[{"count":4,"href":"https:\/\/refugee-committee.org\/fr\/wp-json\/wp\/v2\/pages\/171\/revisions"}],"predecessor-version":[{"id":1300,"href":"https:\/\/refugee-committee.org\/fr\/wp-json\/wp\/v2\/pages\/171\/revisions\/1300"}],"wp:featuredmedia":[{"embeddable":true,"href":"https:\/\/refugee-committee.org\/fr\/wp-json\/wp\/v2\/media\/478"}],"wp:attachment":[{"href":"https:\/\/refugee-committee.org\/fr\/wp-json\/wp\/v2\/media?parent=171"}],"curies":[{"name":"wp","href":"https:\/\/api.w.org\/{rel}","templated":true}]}}